{"id":186,"date":"2018-01-27T19:44:30","date_gmt":"2018-01-27T17:44:30","guid":{"rendered":"http:\/\/test.wptemalari.net\/demos\/?page_id=9"},"modified":"2025-10-19T12:11:35","modified_gmt":"2025-10-19T09:11:35","slug":"anasayfa","status":"publish","type":"page","link":"https:\/\/www.alevi-vakfi.com\/de\/","title":{"rendered":"Anasayfa"},"content":{"rendered":"<div id=\"pl-186\"  class=\"panel-layout\" ><div id=\"pg-186-0\"  class=\"panel-grid panel-no-style\" ><div id=\"pgc-186-0-0\"  class=\"panel-grid-cell\" ><div id=\"panel-186-0-0-0\" class=\"so-panel widget widget_wpt_yazilar_widget wpt_yazilar_widget panel-first-child panel-last-child\" data-index=\"0\" ><div class=\"ucluyazilar widget-0-0-0\"><style>.ucluyazilar.widget-0-0-0 .home_title{color:#444;}.ucluyazilar.widget-0-0-0 .widget_h2{border-color:#f9bf3b;}.ucluyazilar.widget-0-0-0 b{color:#f9bf3b;}<\/style><div class=\"home_title\"><span class=\"widget_h2\">UNSERE AKTIVIT\u00c4TSBEREICHE<\/span><\/div><div class=\"yazi1 col span4\">\r\n\t<div class=\"yazi-post scale\">\r\n\t\t<a href=\"https:\/\/www.alevi-vakfi.com\/de\/bildungsarbeit\/\" title=\"Bildungsarbeit\"><div class=\"post-image\"><figure><img width=\"360\" height=\"245\" src=\"https:\/\/www.alevi-vakfi.com\/de\/wp-content\/uploads\/2021\/01\/a7-360x245-1-360x245.jpg\" class=\"alignnone wp-post-image\" alt=\"Bildungsarbeit\" loading=\"lazy\" srcset=\"https:\/\/www.alevi-vakfi.com\/de\/wp-content\/uploads\/2021\/01\/a7-360x245-1.jpg 360w, https:\/\/www.alevi-vakfi.com\/de\/wp-content\/uploads\/2021\/01\/a7-360x245-1-300x204.jpg 300w\" sizes=\"(max-width: 360px) 100vw, 360px\" \/><\/figure><\/div><\/a>\r\n\t\t<div class=\"yazi-kapsa\">\r\n\t\t\t<div class=\"yazi_baslik\">\r\n\t\t\t\t<h2><a href=\"https:\/\/www.alevi-vakfi.com\/de\/bildungsarbeit\/\" title=\"Bildungsarbeit\">Bildungsarbeit<\/a><\/h2>\r\n\t\t\t<\/div>\r\n\t\t\t\t\t\t\t\t\t\t\t\t\t\t\t<div class=\"readmore\">\r\n\t\t\t\t<a href=\"https:\/\/www.alevi-vakfi.com\/de\/bildungsarbeit\/\" title=\"Bildungsarbeit\">\r\n\t\t\t\t\t<i class=\"fa fa-caret-right\"><\/i> Devam\u0131n\u0131 oku\t\t\t\t<\/a>\r\n\t\t\t<\/div>\r\n\t\t\t\t\t\t<\/div>\r\n\t<\/div>\r\n<\/div>\r\n<div class=\"yazi1 col span4\">\r\n\t<div class=\"yazi-post scale\">\r\n\t\t<a href=\"https:\/\/www.alevi-vakfi.com\/de\/forschungsarbeiten-zum-alevitentum\/\" title=\"Forschungsarbeiten Alevitentum\"><div class=\"post-image\"><figure><img width=\"360\" height=\"245\" src=\"https:\/\/www.alevi-vakfi.com\/de\/wp-content\/uploads\/2018\/01\/a2-360x245-1-360x245.jpg\" class=\"alignnone wp-post-image\" alt=\"Forschungsarbeiten Alevitentum\" loading=\"lazy\" srcset=\"https:\/\/www.alevi-vakfi.com\/de\/wp-content\/uploads\/2018\/01\/a2-360x245-1.jpg 360w, https:\/\/www.alevi-vakfi.com\/de\/wp-content\/uploads\/2018\/01\/a2-360x245-1-300x204.jpg 300w\" sizes=\"(max-width: 360px) 100vw, 360px\" \/><\/figure><\/div><\/a>\r\n\t\t<div class=\"yazi-kapsa\">\r\n\t\t\t<div class=\"yazi_baslik\">\r\n\t\t\t\t<h2><a href=\"https:\/\/www.alevi-vakfi.com\/de\/forschungsarbeiten-zum-alevitentum\/\" title=\"Forschungsarbeiten Alevitentum\">Forschungsarbeiten Alevitentum<\/a><\/h2>\r\n\t\t\t<\/div>\r\n\t\t\t\t\t\t\t\t\t\t\t\t\t\t\t<div class=\"readmore\">\r\n\t\t\t\t<a href=\"https:\/\/www.alevi-vakfi.com\/de\/forschungsarbeiten-zum-alevitentum\/\" title=\"Forschungsarbeiten Alevitentum\">\r\n\t\t\t\t\t<i class=\"fa fa-caret-right\"><\/i> Devam\u0131n\u0131 oku\t\t\t\t<\/a>\r\n\t\t\t<\/div>\r\n\t\t\t\t\t\t<\/div>\r\n\t<\/div>\r\n<\/div>\r\n<div class=\"yazi1 col span4\">\r\n\t<div class=\"yazi-post scale\">\r\n\t\t<a href=\"https:\/\/www.alevi-vakfi.com\/de\/solidaritatsarbeit\/\" title=\"Solidarit\u00e4tsarbeit\"><div class=\"post-image\"><figure><img width=\"360\" height=\"245\" src=\"https:\/\/www.alevi-vakfi.com\/de\/wp-content\/uploads\/2021\/01\/a4-360x245-1-360x245.jpg\" class=\"alignnone wp-post-image\" alt=\"Solidarit\u00e4tsarbeit\" loading=\"lazy\" srcset=\"https:\/\/www.alevi-vakfi.com\/de\/wp-content\/uploads\/2021\/01\/a4-360x245-1.jpg 360w, https:\/\/www.alevi-vakfi.com\/de\/wp-content\/uploads\/2021\/01\/a4-360x245-1-300x204.jpg 300w\" sizes=\"(max-width: 360px) 100vw, 360px\" \/><\/figure><\/div><\/a>\r\n\t\t<div class=\"yazi-kapsa\">\r\n\t\t\t<div class=\"yazi_baslik\">\r\n\t\t\t\t<h2><a href=\"https:\/\/www.alevi-vakfi.com\/de\/solidaritatsarbeit\/\" title=\"Solidarit\u00e4tsarbeit\">Solidarit\u00e4tsarbeit<\/a><\/h2>\r\n\t\t\t<\/div>\r\n\t\t\t\t\t\t\t\t\t\t\t\t\t\t\t<div class=\"readmore\">\r\n\t\t\t\t<a href=\"https:\/\/www.alevi-vakfi.com\/de\/solidaritatsarbeit\/\" title=\"Solidarit\u00e4tsarbeit\">\r\n\t\t\t\t\t<i class=\"fa fa-caret-right\"><\/i> Devam\u0131n\u0131 oku\t\t\t\t<\/a>\r\n\t\t\t<\/div>\r\n\t\t\t\t\t\t<\/div>\r\n\t<\/div>\r\n<\/div>\r\n<div class=\"clear\"><\/div><\/div><\/div><\/div><\/div><div id=\"pg-186-1\"  class=\"panel-grid panel-no-style\" ><div id=\"pgc-186-1-0\"  class=\"panel-grid-cell\" ><div id=\"panel-186-1-0-0\" class=\"widget_text so-panel widget widget_custom_html panel-first-child panel-last-child\" data-index=\"1\" ><div class=\"home_title\"><span class=\"widget_h2\">Spenden Sie f\u00fcr den Solidarit\u00e4tsfonds der Internationalen Alevitischen Stiftung<\/span><\/div><div class=\"textwidget custom-html-widget\"><iframe frameborder=\"0\" marginheight=\"0\" marginwidth=\"0\" src=\"https:\/\/www.betterplace-widget.org\/projects\/97133?l=de\" width=\"100%\" height=\"320\" style=\"border: 0; padding:0; margin:0;\">Informieren und spenden: &lt;a href=&#39;https:\/\/www.betterplace.org\/de\/projects\/97133-dayanisma-fonu-solidaritaetsfond-internationale-alevitische-stiftung&#39; target=&#39;_blank&#39;&gt;\u201eDayan\u0131\u015fma Fonu - Solidarit\u00e4tsfond - Internationale Alevitische Stiftung\u201c&lt;\/a&gt; auf betterplace.org \u00f6ffnen.<\/iframe><\/div><\/div><\/div><div id=\"pgc-186-1-1\"  class=\"panel-grid-cell panel-grid-cell-mobile-last\" ><div id=\"panel-186-1-1-0\" class=\"widget_text so-panel widget widget_custom_html panel-first-child panel-last-child\" data-index=\"2\" ><div class=\"home_title\"><span class=\"widget_h2\">E\u011fitim Fonu &#8211; Stipendienfonds<\/span><\/div><div class=\"textwidget custom-html-widget\"><iframe frameborder=\"0\" marginheight=\"0\" marginwidth=\"0\" src=\"https:\/\/www.betterplace-widget.org\/projects\/103281?l=de\" width=\"100%\" height=\"320\" style=\"border: 0; padding:0; margin:0;\">Informieren und spenden: &lt;a href=&#39;https:\/\/www.betterplace.org\/de\/projects\/103281-egitim-fonu-stipendienfonds&#39; target=&#39;_blank&#39;&gt;\u201eE\u011fitim Fonu - Stipendienfonds\u201c&lt;\/a&gt; auf betterplace.org \u00f6ffnen.<\/iframe><\/div><\/div><\/div><div id=\"pgc-186-1-2\"  class=\"panel-grid-cell panel-grid-cell-empty\" ><\/div><\/div><div id=\"pg-186-2\"  class=\"panel-grid panel-no-style\" ><div id=\"pgc-186-2-0\"  class=\"panel-grid-cell\" ><div id=\"panel-186-2-0-0\" class=\"so-panel widget widget_wpt_yazilar_widget wpt_yazilar_widget panel-first-child panel-last-child\" data-index=\"3\" ><div class=\"ucluyazilar widget-2-0-0\"><style>.ucluyazilar.widget-2-0-0 .home_title{color:#444;}.ucluyazilar.widget-2-0-0 .widget_h2{border-color:#f9bf3b;}.ucluyazilar.widget-2-0-0 b{color:#f9bf3b;}<\/style><div class=\"home_title\"><span class=\"widget_h2\">NACHRICHTEN AUS UNS<\/span><\/div><div class=\"yazi1 col span4\">\r\n\t<div class=\"yazi-post scale\">\r\n\t\t<a href=\"https:\/\/www.alevi-vakfi.com\/de\/hand-in-hand-hand-zu-gott\/\" title=\"HAND IN HAND-HAND ZU GOTT\"><div class=\"post-image\"><figure><img width=\"360\" height=\"245\" src=\"https:\/\/www.alevi-vakfi.com\/de\/wp-content\/uploads\/2025\/10\/almanca-360x245.jpg\" class=\"alignnone wp-post-image\" alt=\"HAND IN HAND-HAND ZU GOTT\" loading=\"lazy\" \/><\/figure><\/div><\/a>\r\n\t\t<div class=\"yazi-kapsa\">\r\n\t\t\t<div class=\"yazi_baslik\">\r\n\t\t\t\t<h2><a href=\"https:\/\/www.alevi-vakfi.com\/de\/hand-in-hand-hand-zu-gott\/\" title=\"HAND IN HAND-HAND ZU GOTT\">HAND IN HAND-HAND ZU GOTT<\/a><\/h2>\r\n\t\t\t<\/div>\r\n\t\t\t\t\t\t\t\t\t\t\t\t\t\t<\/div>\r\n\t<\/div>\r\n<\/div>\r\n<div class=\"yazi1 col span4\">\r\n\t<div class=\"yazi-post scale\">\r\n\t\t<a href=\"https:\/\/www.alevi-vakfi.com\/de\/auf-der-seite-des-nrw-innenministeriums-als-anerkannte-alevitische-stiftung\/\" title=\"Auf der Seite des NRW Innenministeriums als anerkannte Alevitische Stiftung\"><div class=\"post-image\"><figure><img width=\"360\" height=\"245\" src=\"https:\/\/www.alevi-vakfi.com\/de\/wp-content\/uploads\/2022\/03\/sfr-360x245.jpg\" class=\"alignnone wp-post-image\" alt=\"Auf der Seite des NRW Innenministeriums als anerkannte Alevitische Stiftung\" loading=\"lazy\" \/><\/figure><\/div><\/a>\r\n\t\t<div class=\"yazi-kapsa\">\r\n\t\t\t<div class=\"yazi_baslik\">\r\n\t\t\t\t<h2><a href=\"https:\/\/www.alevi-vakfi.com\/de\/auf-der-seite-des-nrw-innenministeriums-als-anerkannte-alevitische-stiftung\/\" title=\"Auf der Seite des NRW Innenministeriums als anerkannte Alevitische Stiftung\">Auf der Seite des NRW Innenministeriums als anerkannte Alevitische Stiftung<\/a><\/h2>\r\n\t\t\t<\/div>\r\n\t\t\t\t\t\t\t\t\t\t\t\t\t\t<\/div>\r\n\t<\/div>\r\n<\/div>\r\n<div class=\"clear\"><\/div><\/div><\/div><\/div><\/div><div id=\"pg-186-3\"  class=\"panel-grid panel-no-style\" ><div id=\"pgc-186-3-0\"  class=\"panel-grid-cell\" ><div id=\"panel-186-3-0-0\" class=\"so-panel widget widget_wpt_yazilar_widget wpt_yazilar_widget panel-first-child panel-last-child\" data-index=\"4\" ><div class=\"ucluyazilar widget-3-0-0\"><style>.ucluyazilar.widget-3-0-0 .home_title{color:#444;}.ucluyazilar.widget-3-0-0 .widget_h2{border-color:#f9bf3b;}.ucluyazilar.widget-3-0-0 b{color:#f9bf3b;}<\/style><div class=\"home_title\"><span class=\"widget_h2\">FOTO und VIDEOGALERIE<\/span><\/div><div class=\"yazi1 col span4\">\r\n\t<div class=\"yazi-post scale\">\r\n\t\t<a href=\"https:\/\/www.alevi-vakfi.com\/de\/internationale-alevitische-stiftung\/\" title=\"Internationale Alevitische Stiftung\"><div class=\"post-image\"><figure><img width=\"360\" height=\"245\" src=\"https:\/\/www.alevi-vakfi.com\/de\/wp-content\/uploads\/2022\/02\/alevi-vakfi-360x245.jpg\" class=\"alignnone wp-post-image\" alt=\"Internationale Alevitische Stiftung\" loading=\"lazy\" \/><\/figure><\/div><\/a>\r\n\t\t<div class=\"yazi-kapsa\">\r\n\t\t\t<div class=\"yazi_baslik\">\r\n\t\t\t\t<h2><a href=\"https:\/\/www.alevi-vakfi.com\/de\/internationale-alevitische-stiftung\/\" title=\"Internationale Alevitische Stiftung\">Internationale Alevitische Stiftung<\/a><\/h2>\r\n\t\t\t<\/div>\r\n\t\t\t\t\t\t\t\t\t\t\t\t\t\t<\/div>\r\n\t<\/div>\r\n<\/div>\r\n<div class=\"yazi1 col span4\">\r\n\t<div class=\"yazi-post scale\">\r\n\t\t<a href=\"https:\/\/www.alevi-vakfi.com\/de\/sevgi-tv-programm\/\" title=\"Sevgi TV-Programm\"><div class=\"post-image\"><figure><img width=\"360\" height=\"245\" src=\"https:\/\/www.alevi-vakfi.com\/de\/wp-content\/uploads\/2021\/03\/sevgi-tv-360x245.png\" class=\"alignnone wp-post-image\" alt=\"Sevgi TV-Programm\" loading=\"lazy\" \/><\/figure><\/div><\/a>\r\n\t\t<div class=\"yazi-kapsa\">\r\n\t\t\t<div class=\"yazi_baslik\">\r\n\t\t\t\t<h2><a href=\"https:\/\/www.alevi-vakfi.com\/de\/sevgi-tv-programm\/\" title=\"Sevgi TV-Programm\">Sevgi TV-Programm<\/a><\/h2>\r\n\t\t\t<\/div>\r\n\t\t\t\t\t\t\t\t\t\t\t\t\t\t<\/div>\r\n\t<\/div>\r\n<\/div>\r\n<div class=\"yazi1 col span4\">\r\n\t<div class=\"yazi-post scale\">\r\n\t\t<a href=\"https:\/\/www.alevi-vakfi.com\/de\/aleviten-ideenstudie-2\/\" title=\"Aleviten-Ideenstudie 2\"><div class=\"post-image\"><figure><img width=\"360\" height=\"245\" src=\"https:\/\/www.alevi-vakfi.com\/de\/wp-content\/uploads\/2021\/03\/video1-360x245.jpg\" class=\"alignnone wp-post-image\" alt=\"Aleviten-Ideenstudie 2\" loading=\"lazy\" \/><\/figure><\/div><\/a>\r\n\t\t<div class=\"yazi-kapsa\">\r\n\t\t\t<div class=\"yazi_baslik\">\r\n\t\t\t\t<h2><a href=\"https:\/\/www.alevi-vakfi.com\/de\/aleviten-ideenstudie-2\/\" title=\"Aleviten-Ideenstudie 2\">Aleviten-Ideenstudie 2<\/a><\/h2>\r\n\t\t\t<\/div>\r\n\t\t\t\t\t\t\t\t\t\t\t\t\t\t<\/div>\r\n\t<\/div>\r\n<\/div>\r\n<div class=\"clear\"><\/div><\/div><\/div><\/div><\/div><div id=\"pg-186-4\"  class=\"panel-grid panel-no-style\" ><div id=\"pgc-186-4-0\"  class=\"panel-grid-cell\" ><div id=\"panel-186-4-0-0\" class=\"so-panel widget widget_wpt_slider_widget wpt_slider_widget panel-first-child panel-last-child\" data-index=\"5\" ><div class=\"sliderwidget\"><style>.sliderwidget .home_title{color:#444;}.sliderwidget .widget_h2{border-color:#f9bf3b;}.sliderwidget b{color:#f9bf3b;}<\/style><div class=\"home_title\"><span class=\"widget_h2\">PARTNER<\/span><\/div><div class=\"widgetslider owl-theme\"><div class=\"slider1 col item\">\r\n\t<div class=\"yazi-post scale\">\r\n\t\t\t<a href=\"https:\/\/www.alevi-vakfi.com\/de\/alevi-information\/\" title=\"Alevi Information\">\r\n\t\t\t\t\t\t<div class=\"post-image\"><figure><img width=\"270\" height=\"200\" src=\"https:\/\/www.alevi-vakfi.com\/de\/wp-content\/uploads\/2021\/03\/alevi_bilgileri-270x200.jpg\" class=\"alignnone wp-post-image\" alt=\"Alevi Information\" loading=\"lazy\" \/><\/figure><\/div>\t\t\t<\/a>\r\n\t\t\t\t<\/div>\r\n<\/div>\r\n<div class=\"slider1 col item\">\r\n\t<div class=\"yazi-post scale\">\r\n\t\t\t<a href=\"https:\/\/www.alevi-vakfi.com\/de\/alevi-portal\/\" title=\"Alevi Portal\">\r\n\t\t\t\t\t\t<div class=\"post-image\"><figure><img width=\"270\" height=\"200\" src=\"https:\/\/www.alevi-vakfi.com\/de\/wp-content\/uploads\/2021\/03\/alevi_portal-270x200.jpg\" class=\"alignnone wp-post-image\" alt=\"Alevi Portal\" loading=\"lazy\" \/><\/figure><\/div>\t\t\t<\/a>\r\n\t\t\t\t<\/div>\r\n<\/div>\r\n<div class=\"slider1 col item\">\r\n\t<div class=\"yazi-post scale\">\r\n\t\t\t<a href=\"https:\/\/www.alevi-vakfi.com\/de\/erinnerung\/\" title=\"Alevi Erinnerung\">\r\n\t\t\t\t\t\t<div class=\"post-image\"><figure><img width=\"270\" height=\"200\" src=\"https:\/\/www.alevi-vakfi.com\/de\/wp-content\/uploads\/2021\/03\/alevi_hafiza-270x200.jpg\" class=\"alignnone wp-post-image\" alt=\"Alevi Erinnerung\" loading=\"lazy\" srcset=\"https:\/\/www.alevi-vakfi.com\/de\/wp-content\/uploads\/2021\/03\/alevi_hafiza-270x200.jpg 270w, https:\/\/www.alevi-vakfi.com\/de\/wp-content\/uploads\/2021\/03\/alevi_hafiza-300x223.jpg 300w, https:\/\/www.alevi-vakfi.com\/de\/wp-content\/uploads\/2021\/03\/alevi_hafiza.jpg 419w\" sizes=\"(max-width: 270px) 100vw, 270px\" \/><\/figure><\/div>\t\t\t<\/a>\r\n\t\t\t\t<\/div>\r\n<\/div>\r\n<\/div><div class=\"clear\"><\/div><\/div><\/div><\/div><\/div><div id=\"pg-186-5\"  class=\"panel-grid panel-has-style\" ><div class=\"siteorigin-panels-stretch panel-row-style panel-row-style-for-186-5\" data-stretch-type=\"full-stretched\" ><div id=\"pgc-186-5-0\"  class=\"panel-grid-cell\" ><div id=\"panel-186-5-0-0\" class=\"so-panel widget widget_wpt_maps_widget wpt_maps_widget panel-first-child panel-last-child\" data-index=\"6\" ><div class=\"adres_widget\"><style>.adres_widget .home_title{color:#444;}.adres_widget .widget_h2{border-color:#b72c2c;}.adres_widget b{color:#b72c2c;}<\/style><div class=\"home_title\"><span class=\"widget_h2\">UNSER   <b>HAUPTSITZ<\/b><\/span><\/div><div id=\"googleMap\" style=\"height:400px;margin-top:1%;\">\r\n<iframe src=\"https:\/\/www.google.com\/maps\/embed?pb=!1m18!1m12!1m3!1d2454.830088706332!2d8.534183515789211!3d52.02819297972402!2m3!1f0!2f0!3f0!3m2!1i1024!2i768!4f13.1!3m3!1m2!1s0x47ba3d1258750607%3A0x9180d88471fe999b!2sHerforder%20Str.%2046%2C%2033602%20Bielefeld%2C%20Almanya!5e0!3m2!1str!2str!4v1609457845259!5m2!1str!2str\" width=\"600\" height=\"450\" frameborder=\"0\" style=\"border:0;\" allowfullscreen=\"\" aria-hidden=\"false\" tabindex=\"0\"><\/iframe>\t<div class=\"mapcont\">\r\n\t\t<h3><\/h3> \r\n\t\t<span><i class=\"fa fa-map-marker\"><\/i> Bielefeld -Germany<\/span>\r\n\t\t<span><i class=\"fa fa-phone\"><\/i> 00-49 521 \u2013 329 70 90<\/span>\r\n\t\t<span><i class=\"fa fa-envelope\"><\/i> post@alevi-vakfi.org<\/span>\r\n\t<\/div>\r\n<\/div>\r\n<div class=\"clear\"><\/div><\/div><\/div><\/div><\/div><\/div><\/div>","protected":false},"excerpt":{"rendered":"","protected":false},"author":1,"featured_media":0,"parent":0,"menu_order":0,"comment_status":"closed","ping_status":"closed","template":"page-full.php","meta":{"ngg_post_thumbnail":0},"_links":{"self":[{"href":"https:\/\/www.alevi-vakfi.com\/de\/wp-json\/wp\/v2\/pages\/186"}],"collection":[{"href":"https:\/\/www.alevi-vakfi.com\/de\/wp-json\/wp\/v2\/pages"}],"about":[{"href":"https:\/\/www.alevi-vakfi.com\/de\/wp-json\/wp\/v2\/types\/page"}],"author":[{"embeddable":true,"href":"https:\/\/www.alevi-vakfi.com\/de\/wp-json\/wp\/v2\/users\/1"}],"replies":[{"embeddable":true,"href":"https:\/\/www.alevi-vakfi.com\/de\/wp-json\/wp\/v2\/comments?post=186"}],"version-history":[{"count":10,"href":"https:\/\/www.alevi-vakfi.com\/de\/wp-json\/wp\/v2\/pages\/186\/revisions"}],"predecessor-version":[{"id":513,"href":"https:\/\/www.alevi-vakfi.com\/de\/wp-json\/wp\/v2\/pages\/186\/revisions\/513"}],"wp:attachment":[{"href":"https:\/\/www.alevi-vakfi.com\/de\/wp-json\/wp\/v2\/media?parent=186"}],"curies":[{"name":"wp","href":"https:\/\/api.w.org\/{rel}","templated":true}]}}