{"id":410,"date":"2021-06-03T22:15:24","date_gmt":"2021-06-03T19:15:24","guid":{"rendered":"http:\/\/www.alevi-vakfi.com\/de\/?page_id=410"},"modified":"2021-06-03T22:19:33","modified_gmt":"2021-06-03T19:19:33","slug":"unsere-ansichten","status":"publish","type":"page","link":"https:\/\/www.alevi-vakfi.com\/de\/unsere-ansichten\/","title":{"rendered":"UNSERE ANSICHTEN"},"content":{"rendered":"<p>Das Alevitentum ist das Glaubenssystem all der Menschen, die in ihren Herzen die Liebe zur Heiligkeit Gottes, des Propheten Mohammed und seiner Heiligkeit Ali beherbergen, die alle Religionen, Konfessionen und Glaubensrichtungen, die auf Menschenliebe basieren, achten und tolerieren, die keine Unterschiede wegen Sprache, Religion, Rasse und Hautfarbe machen, die ethisch streng nach dem Prinzip \u201eachte auf deine Hand, achte auf deine Zunge und achte auf deine Lenden\u201c handeln, und die diese Grunds\u00e4tze im Geist der religi\u00f6sen Br\u00fcderlichkeit und gegenseitigen selbstlosen Solidarit\u00e4t [Musahiplik] praktizieren.<\/p>\n<p>Das Alevitentum bietet allen beitrittswilligen gl\u00e4ubigen Menschen ein Dach und befriedigt deren geistige Bed\u00fcrfnisse. Es stellt den Menschen frei, sich selbst in den jeweiligen Gesellschaften, in denen sie leben, zu hinterfragen. Es bietet ein Dach f\u00fcr die Menschen, die f\u00fcr die Idee der Gleichheit, der Teilhabe und der Partizipation stehen, die sich von den strengen Regeln der Scharia distanziert haben und diese strengen Regeln ablehnen, die den islamischen Glauben \u2013 au\u00dferhalb des sunnitischen Glaubens (Auslegung) \u2013 nach eigenen Werten auslegen, die die F\u00f6rderung eines guten Menschen [Insan-i Kamil) zum Ziel haben,, der die wahre Rechtschaffenheit innehat, die erhabene Freundschaft verk\u00f6rpert, dessen Wesen das Mitgef\u00fchl ist, dessen Weltsicht die Gleichheit ist, dessen Schatz das Wissen ist, dessen Frucht aus Liebe besteht, die die Furcht vor Gott \u00fcberwunden haben und sich mit Liebe zu Gott wenden, die die Trennung von Sch\u00f6pfer und Gesch\u00f6pf \u00fcberwunden haben, die durch das Prinzip \u201eIch bin ein Teil Gottes\u201c\/Ich bin g\u00f6ttlicher Natur\u201c (En-el hak) im Wesen des Menschen eine Abw\u00e4gung treffen, die sich in Einheit des Daseins [Vahdet-i V\u00fccut) vereint haben, die den Anstand und das gute Benehmen zu ihrer Lebensmaxime erhoben haben, die den Menschen erhabener machen, die in ihrem Wesen das G\u00f6ttliche und das Wissen vereinen, die den Glauben beziehungsweise die Religion nicht als etwas f\u00f6rmliches oder formelles ansehen, sondern als etwas, was das ethische und charaktervolle Leben des Menschen bestimmt, die den Glauben\/die Religion mit einer unabh\u00e4ngigen Willenskraft und mit ihren inneren Eigenschaften evolutionieren, die den Verstand und den Glauben vereinigen und all das mit der Kraft, die sie aus dem ersten CEM-Gottesdienst der Vierziger (KirklarCemi) beziehen, vorantreiben.<\/p>\n","protected":false},"excerpt":{"rendered":"<p>Das Alevitentum ist das Glaubenssystem all der Menschen, die in ihren Herzen die Liebe zur Heiligkeit Gottes, des Propheten Mohammed und seiner Heiligkeit Ali beherbergen, die alle Religionen, Konfessionen und Glaubensrichtungen, die auf Menschenliebe basieren, achten und tolerieren, die keine Unterschiede wegen Sprache, Religion, Rasse und Hautfarbe machen, die ethisch streng nach dem Prinzip \u201eachte auf deine Hand, achte auf deine Zunge und achte auf deine Lenden\u201c handeln, und die diese Grunds\u00e4tze im Geist der religi\u00f6sen Br\u00fcderlichkeit und gegenseitigen selbstlosen Solidarit\u00e4t [Musahiplik] praktizieren. Das Alevitentum bietet allen beitrittswilligen gl\u00e4ubigen Menschen ein Dach und befriedigt deren geistige Bed\u00fcrfnisse. Es stellt den [&hellip;]<\/p>\n","protected":false},"author":1,"featured_media":0,"parent":0,"menu_order":0,"comment_status":"closed","ping_status":"closed","template":"","meta":{"ngg_post_thumbnail":0},"_links":{"self":[{"href":"https:\/\/www.alevi-vakfi.com\/de\/wp-json\/wp\/v2\/pages\/410"}],"collection":[{"href":"https:\/\/www.alevi-vakfi.com\/de\/wp-json\/wp\/v2\/pages"}],"about":[{"href":"https:\/\/www.alevi-vakfi.com\/de\/wp-json\/wp\/v2\/types\/page"}],"author":[{"embeddable":true,"href":"https:\/\/www.alevi-vakfi.com\/de\/wp-json\/wp\/v2\/users\/1"}],"replies":[{"embeddable":true,"href":"https:\/\/www.alevi-vakfi.com\/de\/wp-json\/wp\/v2\/comments?post=410"}],"version-history":[{"count":1,"href":"https:\/\/www.alevi-vakfi.com\/de\/wp-json\/wp\/v2\/pages\/410\/revisions"}],"predecessor-version":[{"id":411,"href":"https:\/\/www.alevi-vakfi.com\/de\/wp-json\/wp\/v2\/pages\/410\/revisions\/411"}],"wp:attachment":[{"href":"https:\/\/www.alevi-vakfi.com\/de\/wp-json\/wp\/v2\/media?parent=410"}],"curies":[{"name":"wp","href":"https:\/\/api.w.org\/{rel}","templated":true}]}}